{"id":3241,"date":"2026-02-10T11:14:53","date_gmt":"2026-02-10T10:14:53","guid":{"rendered":"https:\/\/srwebmarketing.com\/?page_id=3241"},"modified":"2026-02-10T11:14:53","modified_gmt":"2026-02-10T10:14:53","slug":"terminos-y-condiciones","status":"publish","type":"page","link":"https:\/\/srwebmarketing.com\/es\/terms-and-conditions\/","title":{"rendered":"T\u00e9rminos y Condiciones"},"content":{"rendered":"<p data-start=\"3980\" data-end=\"4011\"><strong data-start=\"3980\" data-end=\"3997\">\u00daltima actualizaci\u00f3n:<\/strong> 10 Febrero 2026<\/p>\r\n<p data-start=\"4013\" data-end=\"4129\">Estos T\u00e9rminos &amp; Condiciones gobiernan el uso de <a class=\"decorated-link\" href=\"https:\/\/srwebmarketing.com\/es\/\" target=\"_new\" rel=\"noopener\" data-start=\"4056\" data-end=\"4082\">https:\/\/srwebmarketing.com<\/a> e de los servicios ofrecidos por SR Web Marketing.<\/p>\r\n<p data-start=\"4131\" data-end=\"4202\">Usando esta web o contratando los servicios, implica que consientes estos t\u00e9rminos.<\/p>\r\n<hr data-start=\"4204\" data-end=\"4207\" \/>\r\n<h2 class=\"wp-block-heading\" data-start=\"4209\" data-end=\"4232\">1. Servicios Ofrecidos<\/h2>\r\n<p data-start=\"4234\" data-end=\"4260\">SR Web Marketing ofrece:<\/p>\r\n<ul data-start=\"4262\" data-end=\"4380\">\r\n<li data-start=\"4262\" data-end=\"4293\">\r\n<p data-start=\"4264\" data-end=\"4293\">Servicios de dise\u00f1o web y SEO<\/p>\r\n<\/li>\r\n<li data-start=\"4294\" data-end=\"4325\">\r\n<p data-start=\"4296\" data-end=\"4325\">Servicios de consultor\u00eda web<\/p>\r\n<\/li>\r\n<li data-start=\"4326\" data-end=\"4380\">\r\n<p data-start=\"4328\" data-end=\"4380\">Productos digitales y recursos\u00a0<\/p>\r\n<\/li>\r\n<\/ul>\r\n<p data-start=\"4382\" data-end=\"4459\">Todos los servicios est\u00e1n descritos en la p\u00e1gina web y se aconsiente a \u00e9stos antes de proceder con el trabajo.<\/p>\r\n<hr data-start=\"4461\" data-end=\"4464\" \/>\r\n<h2 data-start=\"4466\" data-end=\"4480\">2. Pagos<\/h2>\r\n<ul data-start=\"4482\" data-end=\"4676\">\r\n<li data-start=\"4482\" data-end=\"4523\">\r\n<p data-start=\"4484\" data-end=\"4523\">Todos los pagos son <strong data-start=\"4501\" data-end=\"4521\">requeridos de antemano<\/strong><\/p>\r\n<\/li>\r\n<li data-start=\"4524\" data-end=\"4555\">\r\n<p data-start=\"4526\" data-end=\"4555\">Precios descritos en Euro<\/p>\r\n<\/li>\r\n<li data-start=\"4556\" data-end=\"4624\">\r\n<p data-start=\"4558\" data-end=\"4624\">Pagos son gestionados a trav\u00e9s de Stripe, PayPal o plataformas aprobadas (p.ej. ThriveCart)<\/p>\r\n<\/li>\r\n<li data-start=\"4625\" data-end=\"4676\">\r\n<p data-start=\"4627\" data-end=\"4676\">Facturas\/presupuestos deben ser pagados antes de iniciar con los servicios<\/p>\r\n<\/li>\r\n<\/ul>\r\n<hr data-start=\"4678\" data-end=\"4681\" \/>\r\n<h2 data-start=\"4683\" data-end=\"4731\">3. Contratos &amp; Duraci\u00f3n (Servicios de Dise\u00f1o Web)<\/h2>\r\n<ul data-start=\"4733\" data-end=\"4933\">\r\n<li data-start=\"4733\" data-end=\"4791\">\r\n<p data-start=\"4735\" data-end=\"4791\">Los servicios de dise\u00f1o web se basan en un <strong data-start=\"4770\" data-end=\"4791\">contrato de 12 meses<\/strong><\/p>\r\n<\/li>\r\n<li data-start=\"4792\" data-end=\"4828\">\r\n<p data-start=\"4794\" data-end=\"4828\">Pagos pueden ser anuales o mensuales<\/p>\r\n<\/li>\r\n<li data-start=\"4829\" data-end=\"4933\">\r\n<p data-start=\"4831\" data-end=\"4860\">Tras los 12 meses, los clientes pueden:<\/p>\r\n<ul data-start=\"4863\" data-end=\"4933\">\r\n<li data-start=\"4863\" data-end=\"4908\">\r\n<p data-start=\"4865\" data-end=\"4908\">Continuar con el mantenimiento (\u20ac50\/mes), o<\/p>\r\n<\/li>\r\n<li data-start=\"4911\" data-end=\"4933\">\r\n<p data-start=\"4913\" data-end=\"4933\">Cancelar la renovaci\u00f3n<\/p>\r\n<\/li>\r\n<\/ul>\r\n<\/li>\r\n<\/ul>\r\n<p data-start=\"4935\" data-end=\"5034\">La petici\u00f3n de cancelaci\u00f3n de la renovaci\u00f3n debe ser enviada <strong data-start=\"4982\" data-end=\"5028\">por escrito con al menos 30 d\u00edas de antelaci\u00f3n a la renovaci\u00f3n<\/strong>, a trav\u00e9s de:<\/p>\r\n<ul data-start=\"5035\" data-end=\"5090\">\r\n<li data-start=\"5035\" data-end=\"5059\">\r\n<p data-start=\"5037\" data-end=\"5059\">el formulario de contacto, o<\/p>\r\n<\/li>\r\n<li data-start=\"5060\" data-end=\"5090\">\r\n<p data-start=\"5062\" data-end=\"5090\">el portal del cliente en Stripe<\/p>\r\n<\/li>\r\n<\/ul>\r\n<hr data-start=\"5092\" data-end=\"5095\" \/>\r\n<h2 data-start=\"5097\" data-end=\"5116\">4. Reembolsos<\/h2>\r\n<ul data-start=\"5118\" data-end=\"5397\">\r\n<li data-start=\"5118\" data-end=\"5163\">\r\n<p data-start=\"5120\" data-end=\"5163\">La <strong data-start=\"5122\" data-end=\"5153\">garant\u00eda de devoluci\u00f3n de 14 d\u00edas<\/strong> es aplicada<\/p>\r\n<\/li>\r\n<li data-start=\"5164\" data-end=\"5255\">\r\n<p data-start=\"5166\" data-end=\"5255\">La ventana del reembolso inicia tras la llamada estrat\u00e9gica y finaliza antes del inicio de la creaci\u00f3n de la web<\/p>\r\n<\/li>\r\n<li data-start=\"5256\" data-end=\"5397\">\r\n<p data-start=\"5258\" data-end=\"5285\">Si se cancela dentro de los primeros 14 d\u00edas:<\/p>\r\n<ul data-start=\"5288\" data-end=\"5397\">\r\n<li data-start=\"5288\" data-end=\"5315\">\r\n<p data-start=\"5290\" data-end=\"5315\">El proyecto es finalizado<\/p>\r\n<\/li>\r\n<li data-start=\"5318\" data-end=\"5345\">\r\n<p data-start=\"5320\" data-end=\"5345\">Todos los servicios son reembolsados<\/p>\r\n<\/li>\r\n<li data-start=\"5348\" data-end=\"5397\">\r\n<p data-start=\"5350\" data-end=\"5397\">Hosting, dominio y p\u00e1gina web son eliminados<\/p>\r\n<\/li>\r\n<\/ul>\r\n<\/li>\r\n<\/ul>\r\n<p data-start=\"5399\" data-end=\"5435\">Tras este per\u00edodo, los reembolsos son denegados.<\/p>\r\n<hr data-start=\"5437\" data-end=\"5440\" \/>\r\n<h2 data-start=\"5442\" data-end=\"5469\">5. Propiedad &amp; Migraci\u00f3n<\/h2>\r\n<ul data-start=\"5471\" data-end=\"5791\">\r\n<li data-start=\"5471\" data-end=\"5519\">\r\n<p data-start=\"5473\" data-end=\"5519\">Los clientes son propietarios de los contenidos de la web y el dominio<\/p>\r\n<\/li>\r\n<li data-start=\"5520\" data-end=\"5588\">\r\n<p data-start=\"5522\" data-end=\"5588\">Durante el contrato, hosting, plugins y licencias est\u00e1n incluidas<\/p>\r\n<\/li>\r\n<li data-start=\"5589\" data-end=\"5791\">\r\n<p data-start=\"5591\" data-end=\"5612\">Si el contrato finaliza:<\/p>\r\n<ul data-start=\"5615\" data-end=\"5791\">\r\n<li data-start=\"5615\" data-end=\"5668\">\r\n<p data-start=\"5617\" data-end=\"5668\">El sitio web puede ser migrado al hosting del cliente<\/p>\r\n<\/li>\r\n<li data-start=\"5671\" data-end=\"5714\">\r\n<p data-start=\"5673\" data-end=\"5714\">Licencias de pago de los plugins <strong data-start=\"5698\" data-end=\"5714\">no est\u00e1n incluidas<\/strong><\/p>\r\n<\/li>\r\n<li data-start=\"5717\" data-end=\"5791\">\r\n<p data-start=\"5719\" data-end=\"5791\">La migraci\u00f3n es gratuita, una vez el cliente provea los accesos<\/p>\r\n<\/li>\r\n<\/ul>\r\n<\/li>\r\n<\/ul>\r\n<hr data-start=\"5793\" data-end=\"5796\" \/>\r\n<h2 data-start=\"5798\" data-end=\"5824\">6. Servicios de mantenimiento<\/h2>\r\n<p data-start=\"5826\" data-end=\"5853\">El mantenimiento b\u00e1sico incluye:<\/p>\r\n<ul data-start=\"5854\" data-end=\"5928\">\r\n<li data-start=\"5854\" data-end=\"5863\">\r\n<p data-start=\"5856\" data-end=\"5863\">Hosting<\/p>\r\n<\/li>\r\n<li data-start=\"5864\" data-end=\"5883\">\r\n<p data-start=\"5866\" data-end=\"5883\">Gesti\u00f3n dominio<\/p>\r\n<\/li>\r\n<li data-start=\"5884\" data-end=\"5901\">\r\n<p data-start=\"5886\" data-end=\"5901\">Licencias de plugins<\/p>\r\n<\/li>\r\n<li data-start=\"5902\" data-end=\"5928\">\r\n<p data-start=\"5904\" data-end=\"5928\">Actualizaciones y monitoreo<\/p>\r\n<\/li>\r\n<\/ul>\r\n<p data-start=\"5930\" data-end=\"5954\">Esto <strong data-start=\"5938\" data-end=\"5945\">no<\/strong> incluye:<\/p>\r\n<ul data-start=\"5955\" data-end=\"6016\">\r\n<li data-start=\"5955\" data-end=\"5973\">\r\n<p data-start=\"5957\" data-end=\"5973\">Redacci\u00f3n de contenidos<\/p>\r\n<\/li>\r\n<li data-start=\"5974\" data-end=\"5986\">\r\n<p data-start=\"5976\" data-end=\"5986\">Ediciones de p\u00e1ginas<\/p>\r\n<\/li>\r\n<li data-start=\"5987\" data-end=\"5998\">\r\n<p data-start=\"5989\" data-end=\"5998\">P\u00e1ginas adicionales<\/p>\r\n<\/li>\r\n<li data-start=\"5999\" data-end=\"6016\">\r\n<p data-start=\"6001\" data-end=\"6016\">Campa\u00f1as SEO<\/p>\r\n<\/li>\r\n<\/ul>\r\n<p data-start=\"6018\" data-end=\"6066\">Servicios adicionales pueden ser comprados de manera separada.<\/p>\r\n<hr data-start=\"6068\" data-end=\"6071\" \/>\r\n<h2 data-start=\"6073\" data-end=\"6098\">7. Servicios de consultor\u00eda<\/h2>\r\n<ul data-start=\"6100\" data-end=\"6227\">\r\n<li data-start=\"6100\" data-end=\"6155\">\r\n<p data-start=\"6102\" data-end=\"6155\">Las sesiones de consultor\u00eda se pagan por sesi\u00f3n o por paquete<\/p>\r\n<\/li>\r\n<li data-start=\"6156\" data-end=\"6196\">\r\n<p data-start=\"6158\" data-end=\"6196\">No se aplican contratos ni tarifas recurrentes<\/p>\r\n<\/li>\r\n<li data-start=\"6197\" data-end=\"6227\">\r\n<p data-start=\"6199\" data-end=\"6227\">Las sesiones son \u00fanicamente de consultor\u00eda<\/p>\r\n<\/li>\r\n<\/ul>\r\n<hr data-start=\"6229\" data-end=\"6232\" \/>\r\n<h2 data-start=\"6234\" data-end=\"6263\">8. Limitaci\u00f3n de responsabilidad<\/h2>\r\n<p data-start=\"6265\" data-end=\"6300\">SR Web Marketing no es responsable de\/por:<\/p>\r\n<ul data-start=\"6301\" data-end=\"6427\">\r\n<li data-start=\"6301\" data-end=\"6318\">\r\n<p data-start=\"6303\" data-end=\"6318\">Problemas del hosting<\/p>\r\n<\/li>\r\n<li data-start=\"6319\" data-end=\"6330\">\r\n<p data-start=\"6321\" data-end=\"6330\">P\u00e9rdida de datos<\/p>\r\n<\/li>\r\n<li data-start=\"6331\" data-end=\"6350\">\r\n<p data-start=\"6333\" data-end=\"6350\">Incidentes de seguridad<\/p>\r\n<\/li>\r\n<li data-start=\"6351\" data-end=\"6381\">\r\n<p data-start=\"6353\" data-end=\"6381\">Servicios fallidos por terceras partes<\/p>\r\n<\/li>\r\n<li data-start=\"6382\" data-end=\"6427\">\r\n<p data-start=\"6384\" data-end=\"6427\">Resultados de empresa (leads, contactos, ingresos, ranking)<\/p>\r\n<\/li>\r\n<\/ul>\r\n<hr data-start=\"6429\" data-end=\"6432\" \/>\r\n<h2 data-start=\"6434\" data-end=\"6453\">9. Ley aplicable<\/h2>\r\n<p data-start=\"6455\" data-end=\"6499\">Estos t\u00e9rminos son gobernados por la <strong data-start=\"6483\" data-end=\"6498\">Ley Italiana<\/strong>.<\/p>","protected":false},"excerpt":{"rendered":"<p>Last updated: February, 10th 2026 These Terms &amp; Conditions govern the use of https:\/\/srwebmarketing.com and the services provided by SR Web Marketing. By using this website or purchasing services, you agree to these terms. 1. Services Provided SR Web Marketing provides: Web design and SEO services Website consulting services Digital products and resources\u00a0 All services are described on the website and agreed upon before work begins. 2. Payments All payments are required upfront Prices are displayed in EUR Payments are processed via Stripe, PayPal, or approved platforms (e.g. ThriveCart) Invoices\/quotes must be paid before work starts 3. Contracts &amp; Duration (Web Design Services) Web design services are based on a 12-month contract Payment may be annual or monthly After 12 months, clients may: Continue with maintenance (\u20ac50\/month), or Cancel the renewal Cancellation of auto-renewal must be submitted in writing at least 30 days before renewal, via: the contact form, or the Stripe customer portal 4. Refund Policy A 14-day money-back guarantee applies The refund window starts after the strategic kickoff call and before full website build If canceled within 14 days: The project is terminated All services are refunded Hosting, domain, and website data are deleted After this period, no refunds apply. 5. Ownership &amp; Migration Clients own their website content and domain During the contract, hosting, plugins, and licenses are included If the contract ends: The website can be migrated to the client\u2019s hosting Paid plugin licenses are not included Migration is free, provided the client supplies correct access details 6. Maintenance Services Basic maintenance includes: Hosting Domain management Plugin licenses Updates and monitoring It does not include: Content creation Page edits New pages SEO campaigns Additional services may be purchased separately. 7. Consulting Services Consulting sessions are paid per session or package No contracts or recurring fees apply Sessions are advisory only 8. Limitation of Liability SR Web Marketing is not liable for: Hosting outages Data loss Security breaches Third-party service failures Business results (leads, revenue, rankings) 9. Governing Law These terms are governed by Italian law.<\/p>","protected":false},"author":1,"featured_media":0,"parent":0,"menu_order":11,"comment_status":"closed","ping_status":"closed","template":"","meta":{"footnotes":""},"class_list":["post-3241","page","type-page","status-publish","hentry"],"yoast_head":"<!-- This site is optimized with the Yoast SEO plugin v27.4 - https:\/\/yoast.com\/product\/yoast-seo-wordpress\/ -->\n<title>Terms &amp; Conditions | SR Web Marketing<\/title>\n<meta name=\"description\" content=\"Read the terms and conditions governing the services and website usage of SR Web Marketing.\" \/>\n<meta name=\"robots\" content=\"index, follow, max-snippet:-1, max-image-preview:large, max-video-preview:-1\" \/>\n<link rel=\"canonical\" href=\"https:\/\/srwebmarketing.com\/es\/terminos-y-condiciones\/\" \/>\n<meta property=\"og:locale\" content=\"es_ES\" \/>\n<meta property=\"og:type\" content=\"article\" \/>\n<meta property=\"og:title\" content=\"Terms &amp; Conditions | SR Web Marketing\" \/>\n<meta property=\"og:description\" content=\"Read the terms and conditions governing the services and website usage of SR Web Marketing.\" \/>\n<meta property=\"og:url\" content=\"https:\/\/srwebmarketing.com\/es\/terminos-y-condiciones\/\" \/>\n<meta property=\"og:site_name\" content=\"SR Web Marketing\" \/>\n<meta name=\"twitter:card\" content=\"summary_large_image\" \/>\n<meta name=\"twitter:label1\" content=\"Tiempo de lectura\" \/>\n\t<meta name=\"twitter:data1\" content=\"2 minutos\" \/>\n<script type=\"application\/ld+json\" class=\"yoast-schema-graph\">{\"@context\":\"https:\\\/\\\/schema.org\",\"@graph\":[{\"@type\":\"WebPage\",\"@id\":\"https:\\\/\\\/srwebmarketing.com\\\/terms-and-conditions\\\/\",\"url\":\"https:\\\/\\\/srwebmarketing.com\\\/terms-and-conditions\\\/\",\"name\":\"Terms & Conditions | SR Web Marketing\",\"isPartOf\":{\"@id\":\"https:\\\/\\\/srwebmarketing.com\\\/#website\"},\"datePublished\":\"2026-02-10T10:14:53+00:00\",\"description\":\"Read the terms and conditions governing the services and website usage of SR Web Marketing.\",\"breadcrumb\":{\"@id\":\"https:\\\/\\\/srwebmarketing.com\\\/terms-and-conditions\\\/#breadcrumb\"},\"inLanguage\":\"es\",\"potentialAction\":[{\"@type\":\"ReadAction\",\"target\":[\"https:\\\/\\\/srwebmarketing.com\\\/terms-and-conditions\\\/\"]}]},{\"@type\":\"BreadcrumbList\",\"@id\":\"https:\\\/\\\/srwebmarketing.com\\\/terms-and-conditions\\\/#breadcrumb\",\"itemListElement\":[{\"@type\":\"ListItem\",\"position\":1,\"name\":\"Home\",\"item\":\"https:\\\/\\\/srwebmarketing.com\\\/\"},{\"@type\":\"ListItem\",\"position\":2,\"name\":\"Terms &#038; Conditions\"}]},{\"@type\":\"WebSite\",\"@id\":\"https:\\\/\\\/srwebmarketing.com\\\/#website\",\"url\":\"https:\\\/\\\/srwebmarketing.com\\\/\",\"name\":\"SR Web Marketing\",\"description\":\"Professional WordPress websites for small businesses and independent professionals \u2014 available in English, Spanish, and Italian.\",\"publisher\":{\"@id\":\"https:\\\/\\\/srwebmarketing.com\\\/#organization\"},\"potentialAction\":[{\"@type\":\"SearchAction\",\"target\":{\"@type\":\"EntryPoint\",\"urlTemplate\":\"https:\\\/\\\/srwebmarketing.com\\\/?s={search_term_string}\"},\"query-input\":{\"@type\":\"PropertyValueSpecification\",\"valueRequired\":true,\"valueName\":\"search_term_string\"}}],\"inLanguage\":\"es\"},{\"@type\":\"Organization\",\"@id\":\"https:\\\/\\\/srwebmarketing.com\\\/#organization\",\"name\":\"Sergio Stanga\",\"url\":\"https:\\\/\\\/srwebmarketing.com\\\/\",\"logo\":{\"@type\":\"ImageObject\",\"inLanguage\":\"es\",\"@id\":\"https:\\\/\\\/srwebmarketing.com\\\/#\\\/schema\\\/logo\\\/image\\\/\",\"url\":\"https:\\\/\\\/srwebmarketing.com\\\/wp-content\\\/uploads\\\/2025\\\/10\\\/LOGO-SR-STANGA-ROMERO-SERGIO_1000X1000-e1764253828103.webp\",\"contentUrl\":\"https:\\\/\\\/srwebmarketing.com\\\/wp-content\\\/uploads\\\/2025\\\/10\\\/LOGO-SR-STANGA-ROMERO-SERGIO_1000X1000-e1764253828103.webp\",\"width\":100,\"height\":100,\"caption\":\"Sergio Stanga\"},\"image\":{\"@id\":\"https:\\\/\\\/srwebmarketing.com\\\/#\\\/schema\\\/logo\\\/image\\\/\"},\"sameAs\":[\"https:\\\/\\\/www.linkedin.com\\\/in\\\/sergio-stanga-romero\\\/\"]}]}<\/script>\n<!-- \/ Yoast SEO plugin. -->","yoast_head_json":{"title":"T\u00e9rminos &amp; Condiciones | SR Web Marketing","description":"Lee los t\u00e9rminos y condiciones que gobiernan los servicios y el uso de la web SR Web Marketing","robots":{"index":"index","follow":"follow","max-snippet":"max-snippet:-1","max-image-preview":"max-image-preview:large","max-video-preview":"max-video-preview:-1"},"canonical":"https:\/\/srwebmarketing.com\/es\/terminos-y-condiciones\/","og_locale":"es_ES","og_type":"article","og_title":"Terms & Conditions | SR Web Marketing","og_description":"Read the terms and conditions governing the services and website usage of SR Web Marketing.","og_url":"https:\/\/srwebmarketing.com\/es\/terminos-y-condiciones\/","og_site_name":"SR Web Marketing","twitter_card":"summary_large_image","twitter_misc":{"Tiempo de lectura":"2 minutos"},"schema":{"@context":"https:\/\/schema.org","@graph":[{"@type":"WebPage","@id":"https:\/\/srwebmarketing.com\/terms-and-conditions\/","url":"https:\/\/srwebmarketing.com\/terms-and-conditions\/","name":"T\u00e9rminos &amp; Condiciones | SR Web Marketing","isPartOf":{"@id":"https:\/\/srwebmarketing.com\/#website"},"datePublished":"2026-02-10T10:14:53+00:00","description":"Lee los t\u00e9rminos y condiciones que gobiernan los servicios y el uso de la web SR Web Marketing","breadcrumb":{"@id":"https:\/\/srwebmarketing.com\/terms-and-conditions\/#breadcrumb"},"inLanguage":"es","potentialAction":[{"@type":"ReadAction","target":["https:\/\/srwebmarketing.com\/terms-and-conditions\/"]}]},{"@type":"BreadcrumbList","@id":"https:\/\/srwebmarketing.com\/terms-and-conditions\/#breadcrumb","itemListElement":[{"@type":"ListItem","position":1,"name":"Home","item":"https:\/\/srwebmarketing.com\/"},{"@type":"ListItem","position":2,"name":"Terms &#038; Conditions"}]},{"@type":"WebSite","@id":"https:\/\/srwebmarketing.com\/#website","url":"https:\/\/srwebmarketing.com\/","name":"SR Web Marketing","description":"Creaci\u00f3n de p\u00e1ginas web WordPress profesionales para PYMES y profesionales independientes \u2014 disponibles en ingl\u00e9s, espa\u00f1ol e italiano.","publisher":{"@id":"https:\/\/srwebmarketing.com\/#organization"},"potentialAction":[{"@type":"SearchAction","target":{"@type":"EntryPoint","urlTemplate":"https:\/\/srwebmarketing.com\/?s={search_term_string}"},"query-input":{"@type":"PropertyValueSpecification","valueRequired":true,"valueName":"search_term_string"}}],"inLanguage":"es"},{"@type":"Organization","@id":"https:\/\/srwebmarketing.com\/#organization","name":"Sergio Stanga","url":"https:\/\/srwebmarketing.com\/","logo":{"@type":"ImageObject","inLanguage":"es","@id":"https:\/\/srwebmarketing.com\/#\/schema\/logo\/image\/","url":"https:\/\/srwebmarketing.com\/wp-content\/uploads\/2025\/10\/LOGO-SR-STANGA-ROMERO-SERGIO_1000X1000-e1764253828103.webp","contentUrl":"https:\/\/srwebmarketing.com\/wp-content\/uploads\/2025\/10\/LOGO-SR-STANGA-ROMERO-SERGIO_1000X1000-e1764253828103.webp","width":100,"height":100,"caption":"Sergio Stanga"},"image":{"@id":"https:\/\/srwebmarketing.com\/#\/schema\/logo\/image\/"},"sameAs":["https:\/\/www.linkedin.com\/in\/sergio-stanga-romero\/"]}]}},"_links":{"self":[{"href":"https:\/\/srwebmarketing.com\/es\/wp-json\/wp\/v2\/pages\/3241","targetHints":{"allow":["GET"]}}],"collection":[{"href":"https:\/\/srwebmarketing.com\/es\/wp-json\/wp\/v2\/pages"}],"about":[{"href":"https:\/\/srwebmarketing.com\/es\/wp-json\/wp\/v2\/types\/page"}],"author":[{"embeddable":true,"href":"https:\/\/srwebmarketing.com\/es\/wp-json\/wp\/v2\/users\/1"}],"replies":[{"embeddable":true,"href":"https:\/\/srwebmarketing.com\/es\/wp-json\/wp\/v2\/comments?post=3241"}],"version-history":[{"count":0,"href":"https:\/\/srwebmarketing.com\/es\/wp-json\/wp\/v2\/pages\/3241\/revisions"}],"wp:attachment":[{"href":"https:\/\/srwebmarketing.com\/es\/wp-json\/wp\/v2\/media?parent=3241"}],"curies":[{"name":"wp","href":"https:\/\/api.w.org\/{rel}","templated":true}]}}